{"id":209,"date":"2024-11-22T14:59:05","date_gmt":"2024-11-22T14:59:05","guid":{"rendered":"https:\/\/ards.az\/about\/"},"modified":"2024-11-22T16:10:58","modified_gmt":"2024-11-22T16:10:58","slug":"about","status":"publish","type":"page","link":"https:\/\/ards.az\/az\/about\/","title":{"rendered":"\u0418\u043d\u0444\u043e\u0440\u043c\u0430\u0446\u0438\u044f"},"content":{"rendered":"<h5 style=\"box-sizing: border-box; margin-bottom: 0.5rem; line-height: 27px;\">M\u018fLUMAT<\/h5>\n<h2><h6 style=\"box-sizing: border-box; margin-bottom: 5px; line-height: 25px;\"><span style=\"box-sizing: border-box; line-height: 25px !important;\"><span style=\"box-sizing: border-box; line-height: 25px !important; font-weight: normal;\">Az\u0259rbaycan-Rusiya \u0130\u015fg\u00fczar \u015euras\u0131 2016-c\u0131 ild\u0259 Az\u0259rbaycan v\u0259 Rusiyan\u0131n i\u015fg\u00fczar dair\u0259l\u0259ri aras\u0131nda \u0259m\u0259kda\u015fl\u0131\u011f\u0131n inki\u015faf etdirilm\u0259si vasit\u0259sil\u0259 iki \u00f6lk\u0259 aras\u0131nda ticar\u0259t-iqtisadi m\u00fcnasib\u0259tl\u0259rin geni\u015fl\u0259ndirilm\u0259si m\u0259qs\u0259dil\u0259 yarad\u0131l\u0131b.<\/span><\/span><\/h6><h6 style=\"box-sizing: border-box; margin-bottom: 5px; line-height: 25px;\"><span style=\"font-weight: normal;\">&nbsp;<\/span><\/h6><h6 style=\"box-sizing: border-box; margin-bottom: 5px; line-height: 25px;\"><span style=\"box-sizing: border-box; line-height: 25px !important;\"><span style=\"box-sizing: border-box; line-height: 25px !important; font-weight: normal;\">Az\u0259rbaycan-Rusiya \u0130\u015fg\u00fczar \u015euras\u0131n\u0131n \u00fczvl\u0259ri iqtisadiyyat\u0131n k\u0259nd t\u0259s\u0259rr\u00fcfat\u0131, ma\u015f\u0131nqay\u0131rma, neft-kimya, bank sektoru, logistika v\u0259 s. kimi m\u00fcxt\u0259lif sah\u0259l\u0259rind\u0259 f\u0259aliyy\u0259t g\u00f6st\u0259r\u0259n iri, orta v\u0259 ki\u00e7ik biznesin n\u00fcmay\u0259nd\u0259l\u0259ridir.<\/span><\/span><\/h6><h6 style=\"box-sizing: border-box; margin-bottom: 5px; line-height: 25px;\"><span style=\"font-weight: normal;\">&nbsp;<\/span><\/h6><h6 style=\"box-sizing: border-box; margin-bottom: 5px; line-height: 25px;\"><span style=\"box-sizing: border-box; line-height: 25px !important;\"><span style=\"box-sizing: border-box; line-height: 25px !important; font-weight: normal;\">Az\u0259rbaycan-Rusiya \u0130\u015fg\u00fczar \u015euras\u0131 Az\u0259rbaycan Respublikas\u0131 \u0130qtisadiyyat Nazirliyi, Rusiya Federasiyas\u0131n\u0131n \u0130qtisadi \u0130nki\u015faf Nazirliyi, Rusiya-Az\u0259rbaycan \u0130\u015fg\u00fczar \u015euras\u0131 v\u0259 iki \u00f6lk\u0259nin dig\u0259r d\u00f6vl\u0259t hakimiyy\u0259ti orqanlar\u0131 v\u0259 profilli ictimai t\u0259\u015fkilatlarla f\u0259al \u0259m\u0259kda\u015fl\u0131q edir.<\/span><\/span><\/h6><h6 style=\"box-sizing: border-box; margin-bottom: 5px; line-height: 25px;\"><span style=\"font-weight: normal;\">&nbsp;<\/span><\/h6><h6 style=\"box-sizing: border-box; margin-bottom: 5px; line-height: 25px;\"><span style=\"box-sizing: border-box; line-height: 25px !important;\"><span style=\"box-sizing: border-box; line-height: 25px !important;\"><span style=\"box-sizing: border-box; line-height: 25px !important;\"><span style=\"box-sizing: border-box; line-height: 25px !important; font-weight: normal;\">Az\u0259rbaycan-Rusiya \u0130\u015fg\u00fczar \u015euras\u0131n\u0131n \u0259sas v\u0259zif\u0259l\u0259ri a\u015fa\u011f\u0131dak\u0131lard\u0131r:<\/span><\/span><\/span><\/span><\/h6><h6 style=\"box-sizing: border-box; margin-bottom: 5px; line-height: 25px;\"><span style=\"box-sizing: border-box; line-height: 25px !important;\"><span style=\"box-sizing: border-box; line-height: 25px !important; font-weight: normal;\">&#8212; \u0412\u044b\u044f\u0432\u043b\u0435\u043d\u0438\u0435 \u043d\u043e\u0432\u044b\u0445 \u0432\u043e\u0437\u043c\u043e\u0436\u043d\u043e\u0441\u0442\u0435\u0439 \u0434\u043b\u044f \u0440\u0430\u0441\u0448\u0438\u0440\u0435\u043d\u0438\u044f \u0442\u043e\u0440\u0433\u043e\u0432\u043e-\u044d\u043a\u043e\u043d\u043e\u043c\u0438\u0447\u0435\u0441\u043a\u043e\u0433\u043e \u0441\u043e\u0442\u0440\u0443\u0434\u043d\u0438\u0447\u0435\u0441\u0442\u0432\u0430 \u043c\u0435\u0436\u0434\u0443 \u0434\u0432\u0443\u043c\u044f \u0441\u0442\u0440\u0430\u043d\u0430\u043c\u0438;<\/span><\/span><\/h6><h6 style=\"box-sizing: border-box; margin-bottom: 5px; line-height: 25px;\"><span style=\"box-sizing: border-box; line-height: 25px !important;\"><span style=\"box-sizing: border-box; line-height: 25px !important; font-weight: normal;\">&#8212; \u041d\u0430\u043b\u0430\u0436\u0438\u0432\u0430\u043d\u0438\u0435 \u043f\u0440\u044f\u043c\u044b\u0445 \u0434\u0435\u043b\u043e\u0432\u044b\u0445 \u043a\u043e\u043d\u0442\u0430\u043a\u0442\u043e\u0432 \u043c\u0435\u0436\u0434\u0443 \u043f\u0440\u0435\u0434\u043f\u0440\u0438\u043d\u0438\u043c\u0430\u0442\u0435\u043b\u044f\u043c\u0438 \u0410\u0437\u0435\u0440\u0431\u0430\u0439\u0434\u0436\u0430\u043d\u0430 \u0438 \u0420\u043e\u0441\u0441\u0438\u0438;<\/span><\/span><\/h6><h6 style=\"box-sizing: border-box; margin-bottom: 5px; line-height: 25px;\"><span style=\"box-sizing: border-box; line-height: 25px !important;\"><span style=\"box-sizing: border-box; line-height: 25px !important; font-weight: normal;\">&#8212; \u041f\u043e\u0434\u0434\u0435\u0440\u0436\u043a\u0430 \u0438\u043d\u0442\u0435\u0440\u0435\u0441\u043e\u0432 \u0430\u0437\u0435\u0440\u0431\u0430\u0439\u0434\u0436\u0430\u043d\u0441\u043a\u043e\u0433\u043e \u0431\u0438\u0437\u043d\u0435\u0441-\u0441\u043e\u043e\u0431\u0449\u0435\u0441\u0442\u0432\u0430 \u0432 \u0420\u043e\u0441\u0441\u0438\u0439\u0441\u043a\u043e\u0439 \u0424\u0435\u0434\u0435\u0440\u0430\u0446\u0438\u0438;<\/span><\/span><\/h6><h6 style=\"box-sizing: border-box; margin-bottom: 5px; line-height: 25px;\"><span style=\"box-sizing: border-box; line-height: 25px !important;\"><span style=\"box-sizing: border-box; line-height: 25px !important; font-weight: normal;\">&#8212; \u041e\u0441\u0443\u0449\u0435\u0441\u0442\u0432\u043b\u0435\u043d\u0438\u0435 \u0434\u0438\u0430\u043b\u043e\u0433\u0430 \u043c\u0435\u0436\u0434\u0443 \u0410\u0437\u0435\u0440\u0431\u0430\u0439\u0434\u0436\u0430\u043d\u0441\u043a\u0438\u043c \u0434\u0435\u043b\u043e\u0432\u044b\u043c \u0441\u043e\u043e\u0431\u0449\u0435\u0441\u0442\u0432\u043e\u043c \u0438 \u043e\u0440\u0433\u0430\u043d\u0430\u043c\u0438 \u0433\u043e\u0441\u0443\u0434\u0430\u0440\u0441\u0442\u0432\u0435\u043d\u043d\u043e\u0439 \u0432\u043b\u0430\u0441\u0442\u0438 \u0434\u0432\u0443\u0445 \u0441\u0442\u0440\u0430\u043d;<\/span><\/span><\/h6><h6 style=\"box-sizing: border-box; margin-bottom: 5px; line-height: 25px;\"><span style=\"box-sizing: border-box; line-height: 25px !important;\"><span style=\"box-sizing: border-box; line-height: 25px !important; font-weight: normal;\">&#8212; \u041e\u0440\u0433\u0430\u043d\u0438\u0437\u0430\u0446\u0438\u044f \u0443\u0447\u0430\u0441\u0442\u0438\u044f \u0430\u0437\u0435\u0440\u0431\u0430\u0439\u0434\u0436\u0430\u043d\u0441\u043a\u0438\u0445 \u043a\u043e\u043c\u043f\u0430\u043d\u0438\u0439 \u0432 \u0431\u0438\u0437\u043d\u0435\u0441-\u0444\u043e\u0440\u0443\u043c\u0430\u0445, \u043a\u043e\u043d\u0444\u0435\u0440\u0435\u043d\u0446\u0438\u044f\u0445, \u0432\u044b\u0441\u0442\u0430\u0432\u043a\u0430\u0445, \u0438 \u0434\u0440\u0443\u0433\u0438\u0445 \u043c\u0435\u0440\u043e\u043f\u0440\u0438\u044f\u0442\u0438\u044f\u0445, \u0441\u043f\u043e\u0441\u043e\u0431\u0441\u0442\u0432\u0443\u044e\u0449\u0438\u0445 \u043d\u0430\u043b\u0430\u0436\u0438\u0432\u0430\u043d\u0438\u044e \u0434\u0435\u043b\u043e\u0432\u044b\u0445 \u043a\u043e\u043d\u0442\u0430\u043a\u0442\u043e\u0432 \u0441 \u0440\u043e\u0441\u0441\u0438\u0439\u0441\u043a\u0438\u043c\u0438 \u043f\u0430\u0440\u0442\u043d\u0435\u0440\u0430\u043c\u0438;<\/span><\/span><\/h6><h6 style=\"box-sizing: border-box; margin-bottom: 5px; line-height: 25px;\"><span style=\"box-sizing: border-box; line-height: 25px !important;\"><span style=\"box-sizing: border-box; line-height: 25px !important;\"><span style=\"box-sizing: border-box; line-height: 25px !important;\"><span style=\"box-sizing: border-box; line-height: 25px !important; font-weight: normal;\">v\u0259 dig\u0259r v\u0259zif\u0259l\u0259r.<\/span><\/span><\/span><\/span><\/h6><\/h2>","protected":false},"excerpt":{"rendered":"","protected":false},"author":1,"featured_media":0,"parent":0,"menu_order":0,"comment_status":"closed","ping_status":"closed","template":"","meta":{"pagelayer_contact_templates":[],"_pagelayer_content":"","footnotes":""},"class_list":["post-209","page","type-page","status-publish","hentry"],"_links":{"self":[{"href":"https:\/\/ards.az\/az\/wp-json\/wp\/v2\/pages\/209","targetHints":{"allow":["GET"]}}],"collection":[{"href":"https:\/\/ards.az\/az\/wp-json\/wp\/v2\/pages"}],"about":[{"href":"https:\/\/ards.az\/az\/wp-json\/wp\/v2\/types\/page"}],"author":[{"embeddable":true,"href":"https:\/\/ards.az\/az\/wp-json\/wp\/v2\/users\/1"}],"replies":[{"embeddable":true,"href":"https:\/\/ards.az\/az\/wp-json\/wp\/v2\/comments?post=209"}],"version-history":[{"count":3,"href":"https:\/\/ards.az\/az\/wp-json\/wp\/v2\/pages\/209\/revisions"}],"predecessor-version":[{"id":313,"href":"https:\/\/ards.az\/az\/wp-json\/wp\/v2\/pages\/209\/revisions\/313"}],"wp:attachment":[{"href":"https:\/\/ards.az\/az\/wp-json\/wp\/v2\/media?parent=209"}],"curies":[{"name":"wp","href":"https:\/\/api.w.org\/{rel}","templated":true}]}}