{"id":215,"date":"2024-11-22T14:59:06","date_gmt":"2024-11-22T14:59:06","guid":{"rendered":"https:\/\/ards.az\/home\/"},"modified":"2024-11-25T10:56:47","modified_gmt":"2024-11-25T10:56:47","slug":"home","status":"publish","type":"page","link":"https:\/\/ards.az\/az\/","title":{"rendered":"\u0413\u043b\u0430\u0432\u043d\u0430\u044f"},"content":{"rendered":"<h4><span style=\"font-weight: normal;\">Az\u0259rbaycan-Rusiya \u0130\u015fg\u00fczar \u015euras\u0131n\u0131n \u00fczv\u00fc olmaq ist\u0259yirsinizs\u0259, \u0259riz\u0259nizi g\u00f6nd\u0259rin.<\/span><\/h4>\n\n\n\n\n\n<h4>\u018fM\u018fKDA\u015eLI\u011eIN GEN\u0130\u015eL\u018fND\u0130R\u0130LM\u018fS\u0130 V\u018f \u0130NK\u0130\u015eAF ETD\u0130R\u0130LM\u018fS\u0130<\/h4>\n<h5>Az\u0259rbaycan-Rusiya \u0130\u015fg\u00fczar \u015euras\u0131n\u0131n \u0259sas m\u0259qs\u0259di Az\u0259rbaycan v\u0259 Rusiyan\u0131n i\u015fg\u00fczar dair\u0259l\u0259ri aras\u0131nda \u0259m\u0259kda\u015fl\u0131\u011f\u0131n inki\u015faf etdirilm\u0259si vasit\u0259sil\u0259 iki \u00f6lk\u0259 aras\u0131nda ticar\u0259t-iqtisadi m\u00fcnasib\u0259tl\u0259rin geni\u015fl\u0259ndirilm\u0259sidir.<\/h5>\n\n\n\n\n\n\n<h4>AZ\u018fRBAYCAN RESPUBL\u0130KASI<\/h4>\n<h2><h6 class=\"font-r-light about-country\" style=\"box-sizing: border-box; line-height: 25px;\"><span style=\"font-weight: normal;\">Paytaxt - Bak\u0131<\/span><\/h6><h6 class=\"font-r-light about-country\" style=\"box-sizing: border-box; line-height: 25px;\"><span style=\"font-weight: normal;\">Pul vahidi - Az\u0259rbaycan manat\u0131 (AZN)<\/span><\/h6><h6 class=\"font-r-light about-country\" style=\"box-sizing: border-box; line-height: 25px;\"><span style=\"font-weight: normal;\">Saat zonas\u0131 \u2013 UTC+4<\/span><\/h6><h6 class=\"font-r-light about-country\" style=\"box-sizing: border-box; line-height: 25px;\"><span style=\"font-weight: normal;\">D\u00f6vl\u0259t dili - Az\u0259rbaycan dili<\/span><\/h6><\/h2>\n\n\n\n<h4>RUS\u0130YA FEDERAS\u0130YASI<\/h4>\n<h2><\/h2><h6 class=\"font-r-light about-country\" style=\"box-sizing: border-box; line-height: 25px;\"><span style=\"font-weight: normal;\">Paytaxt - Moskva<\/span><\/h6><h6 class=\"font-r-light about-country\" style=\"box-sizing: border-box; line-height: 25px;\"><span style=\"font-weight: normal;\">Pul vahidi - Rusiya rublu (RUB)<\/span><\/h6><h6 class=\"font-r-light about-country\" style=\"box-sizing: border-box; line-height: 25px;\"><span style=\"font-weight: normal;\">\u0427\u0430\u0441\u043e\u0432\u044b\u0435 \u043f\u043e\u044f\u0441\u0430 \u2013 UTC+2 &#8212; UTC+12<\/span><\/h6><h6 class=\"font-r-light about-country\" style=\"box-sizing: border-box; line-height: 25px;\"><span style=\"font-weight: normal;\">D\u00f6vl\u0259t dili - Rus dili<\/span><\/h6>\n\n\n\n\n\n\n\n\n\nBaku Business Centre\n\n\n<div class=\"contact-info-group\">\n<span>\n<img decoding=\"async\" src=\"https:\/\/ards.az\/wp-content\/uploads\/2024\/11\/location.png\" alt=\"\" style=\"padding-top: 0px; padding-left: 20px; padding-right: 20px; padding-bottom: 0px;\" height=\"25\">\n<\/span>\n<p style=\"padding-left: 20px;\">\nBak\u0131 Biznes M\u0259rk\u0259zi\n<br>\n(Bak\u0131, AZ 1000, Neft\u00e7il\u0259r prospekti 32)\n<\/p>\n<\/div>\n<div class=\"contact-info-group\">\n<span>\n<img decoding=\"async\" src=\"https:\/\/ards.az\/wp-content\/uploads\/2024\/11\/phone.png\" alt=\"\" style=\"padding-top: 0px; padding-left: 20px; padding-right: 20px; padding-bottom: 0px;\" height=\"20\">\n<\/span>\n<p><\/p><p style=\"padding-left: 20px;\">\n\u0422: &nbsp;+994512060011\n<br>\n&nbsp;&nbsp;&nbsp;&nbsp;&nbsp;+994512060011\n<br>\nF: +994512060011\n<\/p>\n<p><\/p><\/div>\n<div class=\"contact-info-group\">\n<span>\n<img decoding=\"async\" src=\"https:\/\/ards.az\/wp-content\/uploads\/2024\/11\/email.png\" alt=\"\" style=\"padding-top: 0px; padding-left: 20px; padding-right: 20px; padding-bottom: 0px;\" height=\"15\">\n<\/span>\n<p style=\"padding-left: 20px;\">\ninfo@ards.az\n<\/p>\n<\/div>","protected":false},"excerpt":{"rendered":"","protected":false},"author":1,"featured_media":0,"parent":0,"menu_order":0,"comment_status":"closed","ping_status":"closed","template":"","meta":{"pagelayer_contact_templates":[],"_pagelayer_content":"","footnotes":""},"class_list":["post-215","page","type-page","status-publish","hentry"],"_links":{"self":[{"href":"https:\/\/ards.az\/az\/wp-json\/wp\/v2\/pages\/215","targetHints":{"allow":["GET"]}}],"collection":[{"href":"https:\/\/ards.az\/az\/wp-json\/wp\/v2\/pages"}],"about":[{"href":"https:\/\/ards.az\/az\/wp-json\/wp\/v2\/types\/page"}],"author":[{"embeddable":true,"href":"https:\/\/ards.az\/az\/wp-json\/wp\/v2\/users\/1"}],"replies":[{"embeddable":true,"href":"https:\/\/ards.az\/az\/wp-json\/wp\/v2\/comments?post=215"}],"version-history":[{"count":37,"href":"https:\/\/ards.az\/az\/wp-json\/wp\/v2\/pages\/215\/revisions"}],"predecessor-version":[{"id":458,"href":"https:\/\/ards.az\/az\/wp-json\/wp\/v2\/pages\/215\/revisions\/458"}],"wp:attachment":[{"href":"https:\/\/ards.az\/az\/wp-json\/wp\/v2\/media?parent=215"}],"curies":[{"name":"wp","href":"https:\/\/api.w.org\/{rel}","templated":true}]}}